{"id":173,"date":"2021-01-25T17:49:30","date_gmt":"2021-01-25T17:49:30","guid":{"rendered":"https:\/\/amrum-waasluuper.de\/?page_id=173"},"modified":"2024-01-28T11:57:40","modified_gmt":"2024-01-28T11:57:40","slug":"preise-und-freie-zeiten","status":"publish","type":"page","link":"https:\/\/amrum-waasluuper.de\/?page_id=173","title":{"rendered":"Preise und freie Zeiten"},"content":{"rendered":"<p>[et_pb_section fb_built=&#8220;1&#8243; fullwidth=&#8220;on&#8220; _builder_version=&#8220;4.4.6&#8243;][et_pb_fullwidth_image src=&#8220;https:\/\/amrum-waasluuper.de\/wp-content\/uploads\/2020\/05\/logo.jpg&#8220; title_text=&#8220;logo&#8220; _builder_version=&#8220;4.4.6&#8243;][\/et_pb_fullwidth_image][\/et_pb_section][et_pb_section fb_built=&#8220;1&#8243; _builder_version=&#8220;4.4.6&#8243;][et_pb_row _builder_version=&#8220;4.4.6&#8243;][et_pb_column type=&#8220;4_4&#8243; _builder_version=&#8220;4.4.6&#8243;][et_pb_code _builder_version=&#8220;4.4.6&#8243;]<h2 id=\"tablepress-1-name\" class=\"tablepress-table-name tablepress-table-name-id-1\">Preise<\/h2>\n\n<table id=\"tablepress-1\" class=\"tablepress tablepress-id-1\" aria-labelledby=\"tablepress-1-name\">\n<tbody class=\"row-striping row-hover\">\n<tr class=\"row-1\">\n\t<td class=\"column-1\">A-SAISON<\/td><td class=\"column-2\">B-SAISON<\/td><td class=\"column-3\">C-SAISON<\/td><td class=\"column-4\">D-SAISON<\/td>\n<\/tr>\n<tr class=\"row-2\">\n\t<td class=\"column-1\">07.06.25 - 13.09.25<br \/>\n13.06.26 - 13.09.26<br \/>\n<\/td><td class=\"column-2\">08.03.25 - 07.06.25<br \/>\n13.09.25 - 02.11.25<br \/>\n20.03.26 - 13.06.26<br \/>\n13.09.26 - 01.11.26<\/td><td class=\"column-3\">05.01.25 - 08.03.25<br \/>\n02.11.25 - 20.12.25<br \/>\n06.01.26 - 20.03.26<br \/>\n01.11.26 - 19.12.26<\/td><td class=\"column-4\">20.12.25 - 06.01.26<br \/>\n19.12.26 - 03.01.27<\/td>\n<\/tr>\n<tr class=\"row-3\">\n\t<td class=\"column-1\">\u20ac 230,-- bis 4 Personen<\/td><td class=\"column-2\">\u20ac 155,-- bis 2 Personen<br \/>\n\u20ac 175,-- bis 4 Personen<\/td><td class=\"column-3\">\u20ac 115,-- bis 2 Personen<br \/>\n\u20ac 130,-- bis 4 Personen<\/td><td class=\"column-4\">\u20ac 215,-- bis 4 Personen<\/td>\n<\/tr>\n<\/tbody>\n<\/table>\n<!-- #tablepress-1 from cache --><!-- [et_pb_line_break_holder] -->Aufpreis 5. Person jeweils \u20ac 15,&#8211; pro \u00dcbernachtung. Kinder gelten als volle Person. <!-- [et_pb_line_break_holder] --><!-- [et_pb_line_break_holder] -->Die Mietpreise verstehen sich pro \u00dcbernachtung, inkl. Nebenkosten (Endreinigung, Strom, Wasser, Heizung, Bettw\u00e4sche, Handt\u00fccher, WLAN, Telefon (geb\u00fchrenfrei im dt.Festnetz), Hochstuhl bei Bedarf, PKW-Stellplatz), <!-- [et_pb_line_break_holder] -->zuz\u00fcgl. der Kurtaxe. Wenn die Wohnung bei Abreise besenrein verlassen wird, entstehen keine weiteren Endreinigungskosten, eine Nachforderung bei erh\u00f6htem Reinigungsaufwand behalten wir uns vor. <!-- [et_pb_line_break_holder] --><!-- [et_pb_line_break_holder] -->Mindestaufenthalt: 7 \u00dcbernachtungen, k\u00fcrzere Aufenthalte sind auf Anfrage m\u00f6glich, f\u00fcr diese wird ein Kurz\u00fcbernachtungs-Zuschlag in H\u00f6he von bis zu einem Tagespreis der jeweiligen Saisonzeit erhoben. [\/et_pb_code][et_pb_code _builder_version=&#8220;4.4.6&#8243;]<iframe loading=\"lazy\" src=\"https:\/\/xmlrpc.acomodo.de\/index.php?c=booking_calendars&amp;m=build_graph&amp;hhu_id=9085&amp;year=2020&amp;sc=153b3ce016a50f4133fc111bf1628111\" width=\"659\" height=\"450\" frameborder=\"0\" scrolling=\"yes\"><\/iframe>[\/et_pb_code][\/et_pb_column][\/et_pb_row][\/et_pb_section]<\/p>\n","protected":false},"excerpt":{"rendered":"<p><h2 id=\"tablepress-1-no-2-name\" class=\"tablepress-table-name tablepress-table-name-id-1\">Preise<\/h2>\n\n<table id=\"tablepress-1-no-2\" class=\"tablepress tablepress-id-1\" aria-labelledby=\"tablepress-1-no-2-name\">\n<tbody class=\"row-striping row-hover\">\n<tr class=\"row-1\">\n\t<td class=\"column-1\">A-SAISON<\/td><td class=\"column-2\">B-SAISON<\/td><td class=\"column-3\">C-SAISON<\/td><td class=\"column-4\">D-SAISON<\/td>\n<\/tr>\n<tr class=\"row-2\">\n\t<td class=\"column-1\">07.06.25 - 13.09.25<br \/>\n13.06.26 - 13.09.26<br \/>\n<\/td><td class=\"column-2\">08.03.25 - 07.06.25<br \/>\n13.09.25 - 02.11.25<br \/>\n20.03.26 - 13.06.26<br \/>\n13.09.26 - 01.11.26<\/td><td class=\"column-3\">05.01.25 - 08.03.25<br \/>\n02.11.25 - 20.12.25<br \/>\n06.01.26 - 20.03.26<br \/>\n01.11.26 - 19.12.26<\/td><td class=\"column-4\">20.12.25 - 06.01.26<br \/>\n19.12.26 - 03.01.27<\/td>\n<\/tr>\n<tr class=\"row-3\">\n\t<td class=\"column-1\">\u20ac 230,-- bis 4 Personen<\/td><td class=\"column-2\">\u20ac 155,-- bis 2 Personen<br \/>\n\u20ac 175,-- bis 4 Personen<\/td><td class=\"column-3\">\u20ac 115,-- bis 2 Personen<br \/>\n\u20ac 130,-- bis 4 Personen<\/td><td class=\"column-4\">\u20ac 215,-- bis 4 Personen<\/td>\n<\/tr>\n<\/tbody>\n<\/table>\n<!-- #tablepress-1-no-2 from cache -->Aufpreis 5. Person jeweils \u20ac 15,&#8211; pro \u00dcbernachtung. Kinder gelten als volle Person. Die Mietpreise verstehen sich pro \u00dcbernachtung, inkl. Nebenkosten (Endreinigung, Strom, Wasser, Heizung, Bettw\u00e4sche, Handt\u00fccher, WLAN, Telefon (geb\u00fchrenfrei im dt.Festnetz), Hochstuhl bei Bedarf, PKW-Stellplatz), zuz\u00fcgl. der Kurtaxe. Wenn die Wohnung bei Abreise besenrein verlassen wird, entstehen keine weiteren Endreinigungskosten, eine Nachforderung [&hellip;]<\/p>\n","protected":false},"author":1,"featured_media":0,"parent":0,"menu_order":0,"comment_status":"closed","ping_status":"closed","template":"","meta":{"_et_pb_use_builder":"on","_et_pb_old_content":"This is an example page. It's different from a blog post because it will stay in one place and will show up in your site navigation (in most themes). Most people start with an About page that introduces them to potential site visitors. It might say something like this:\n\n<blockquote>Hi there! I'm a bike messenger by day, aspiring actor by night, and this is my website. I live in Los Angeles, have a great dog named Jack, and I like pi&#241;a coladas. (And gettin' caught in the rain.)<\/blockquote>\n\n...or something like this:\n\n<blockquote>The XYZ Doohickey Company was founded in 1971, and has been providing quality doohickeys to the public ever since. Located in Gotham City, XYZ employs over 2,000 people and does all kinds of awesome things for the Gotham community.<\/blockquote>\n\nAs a new WordPress user, you should go to <a href=\"https:\/\/amrum-waasluuper.de\/wp-admin\/\">your dashboard<\/a> to delete this page and create new pages for your content. Have fun!","_et_gb_content_width":"","footnotes":""},"class_list":["post-173","page","type-page","status-publish","hentry"],"_links":{"self":[{"href":"https:\/\/amrum-waasluuper.de\/index.php?rest_route=\/wp\/v2\/pages\/173","targetHints":{"allow":["GET"]}}],"collection":[{"href":"https:\/\/amrum-waasluuper.de\/index.php?rest_route=\/wp\/v2\/pages"}],"about":[{"href":"https:\/\/amrum-waasluuper.de\/index.php?rest_route=\/wp\/v2\/types\/page"}],"author":[{"embeddable":true,"href":"https:\/\/amrum-waasluuper.de\/index.php?rest_route=\/wp\/v2\/users\/1"}],"replies":[{"embeddable":true,"href":"https:\/\/amrum-waasluuper.de\/index.php?rest_route=%2Fwp%2Fv2%2Fcomments&post=173"}],"version-history":[{"count":4,"href":"https:\/\/amrum-waasluuper.de\/index.php?rest_route=\/wp\/v2\/pages\/173\/revisions"}],"predecessor-version":[{"id":190,"href":"https:\/\/amrum-waasluuper.de\/index.php?rest_route=\/wp\/v2\/pages\/173\/revisions\/190"}],"wp:attachment":[{"href":"https:\/\/amrum-waasluuper.de\/index.php?rest_route=%2Fwp%2Fv2%2Fmedia&parent=173"}],"curies":[{"name":"wp","href":"https:\/\/api.w.org\/{rel}","templated":true}]}}