{"id":2,"date":"2016-05-10T03:48:21","date_gmt":"2016-05-10T03:48:21","guid":{"rendered":"http:\/\/amrum-waasluuper.de\/?page_id=2"},"modified":"2020-07-09T08:57:58","modified_gmt":"2020-07-09T08:57:58","slug":"sample-page","status":"publish","type":"page","link":"https:\/\/amrum-waasluuper.de\/","title":{"rendered":"Startseite"},"content":{"rendered":"<p>[et_pb_section fb_built=&#8220;1&#8243; fullwidth=&#8220;on&#8220; _builder_version=&#8220;4.4.6&#8243;][et_pb_fullwidth_image src=&#8220;https:\/\/amrum-waasluuper.de\/wp-content\/uploads\/2020\/05\/logo.jpg&#8220; title_text=&#8220;logo&#8220; _builder_version=&#8220;4.4.6&#8243;][\/et_pb_fullwidth_image][et_pb_fullwidth_slider _builder_version=&#8220;4.4.6&#8243; animation_style=&#8220;fade&#8220; auto=&#8220;on&#8220; hover_enabled=&#8220;0&#8243;][et_pb_slide _builder_version=&#8220;4.4.6&#8243; background_image=&#8220;https:\/\/amrum-waasluuper.de\/wp-content\/uploads\/2020\/06\/IMG_6515-2.jpg&#8220; background_enable_image=&#8220;on&#8220;][\/et_pb_slide][et_pb_slide _builder_version=&#8220;4.4.6&#8243; background_image=&#8220;https:\/\/amrum-waasluuper.de\/wp-content\/uploads\/2020\/06\/IMG_6518-2-2.jpg&#8220; background_enable_image=&#8220;on&#8220;][\/et_pb_slide][et_pb_slide _builder_version=&#8220;4.4.6&#8243; background_image=&#8220;https:\/\/amrum-waasluuper.de\/wp-content\/uploads\/2020\/06\/Winter-Amrum-1.jpg&#8220; background_enable_image=&#8220;on&#8220;][\/et_pb_slide][et_pb_slide _builder_version=&#8220;4.4.6&#8243; background_image=&#8220;https:\/\/amrum-waasluuper.de\/wp-content\/uploads\/2020\/06\/Bildschirmfoto-2020-06-26-um-17.42.00.jpg&#8220; background_enable_image=&#8220;on&#8220; hover_enabled=&#8220;0&#8243; admin_title=&#8220;Fenster&#8220;][\/et_pb_slide][et_pb_slide _builder_version=&#8220;4.4.6&#8243; background_image=&#8220;https:\/\/amrum-waasluuper.de\/wp-content\/uploads\/2020\/06\/CRW_3042.jpg&#8220; background_enable_image=&#8220;on&#8220; hover_enabled=&#8220;0&#8243; admin_title=&#8220;strand&#8220;][\/et_pb_slide][et_pb_slide _builder_version=&#8220;4.4.6&#8243; background_image=&#8220;https:\/\/amrum-waasluuper.de\/wp-content\/uploads\/2020\/06\/AdobeStock_142736551.jpg&#8220; background_enable_image=&#8220;on&#8220; hover_enabled=&#8220;0&#8243; admin_title=&#8220;Kinder&#8220;][\/et_pb_slide][et_pb_slide _builder_version=&#8220;4.4.6&#8243; background_image=&#8220;https:\/\/amrum-waasluuper.de\/wp-content\/uploads\/2020\/06\/IMG_9429.jpg&#8220; background_enable_image=&#8220;on&#8220; hover_enabled=&#8220;0&#8243; admin_title=&#8220;Leuchtturm&#8220;][\/et_pb_slide][et_pb_slide _builder_version=&#8220;4.4.6&#8243; background_image=&#8220;https:\/\/amrum-waasluuper.de\/wp-content\/uploads\/2020\/06\/CRW_3119.jpg&#8220; background_enable_image=&#8220;on&#8220; hover_enabled=&#8220;0&#8243; admin_title=&#8220;Aussicht&#8220;][\/et_pb_slide][et_pb_slide _builder_version=&#8220;4.4.6&#8243; background_image=&#8220;https:\/\/amrum-waasluuper.de\/wp-content\/uploads\/2020\/07\/AdobeStock_332158156.jpg&#8220; background_enable_image=&#8220;on&#8220; hover_enabled=&#8220;0&#8243; admin_title=&#8220;Bohlenweg&#8220;][\/et_pb_slide][\/et_pb_fullwidth_slider][\/et_pb_section][et_pb_section fb_built=&#8220;1&#8243; fullwidth=&#8220;on&#8220; _builder_version=&#8220;4.4.6&#8243;][\/et_pb_section][et_pb_section fb_built=&#8220;1&#8243; _builder_version=&#8220;4.4.6&#8243;][et_pb_row column_structure=&#8220;1_2,1_2&#8243; _builder_version=&#8220;4.4.6&#8243;][et_pb_column type=&#8220;1_2&#8243; _builder_version=&#8220;4.4.6&#8243;][et_pb_image src=&#8220;https:\/\/amrum-waasluuper.de\/wp-content\/uploads\/2020\/06\/logorund.jpg&#8220; title_text=&#8220;logorund&#8220; align=&#8220;right&#8220; _builder_version=&#8220;4.4.6&#8243; width=&#8220;78%&#8220;][\/et_pb_image][\/et_pb_column][et_pb_column type=&#8220;1_2&#8243; _builder_version=&#8220;4.4.6&#8243;][et_pb_text _builder_version=&#8220;4.4.6&#8243;]<\/p>\n<h2>Willkommen auf unserer Website &#8230;<\/h2>\n<p>Von unserer Wohnung &#8222;Eistaucher&#8220; im Haus Waasluuper genie\u00dfen Sie einen traumhaften Blick \u00fcber die Norddorfer Marsch auf das Wattenmeer und zur Amrumer Odde. Ruhe und Erholung in Randlage, mit kurzen Wegen zu den Norddorfer Gesch\u00e4ften, Restaurants, Caf\u00e9s und dem kleinen, aber feinen Inselkino. Auch der Strand ist zu Fu\u00df oder mit dem Fahrrad in wenigen Minuten zu erreichen.<\/p>\n<p>Der Name des Hauses ist \u00fcbrigens friesisch und bedeutet &#8222;Wattl\u00e4ufer&#8220; &#8211; eine heimische Vogelart.<\/p>\n<p>[\/et_pb_text][\/et_pb_column][\/et_pb_row][\/et_pb_section]<\/p>\n","protected":false},"excerpt":{"rendered":"<p>Willkommen auf unserer Website &#8230; Von unserer Wohnung &#8222;Eistaucher&#8220; im Haus Waasluuper genie\u00dfen Sie einen traumhaften Blick \u00fcber die Norddorfer Marsch auf das Wattenmeer und zur Amrumer Odde. Ruhe und Erholung in Randlage, mit kurzen Wegen zu den Norddorfer Gesch\u00e4ften, Restaurants, Caf\u00e9s und dem kleinen, aber feinen Inselkino. Auch der Strand ist zu Fu\u00df oder [&hellip;]<\/p>\n","protected":false},"author":1,"featured_media":0,"parent":0,"menu_order":0,"comment_status":"closed","ping_status":"closed","template":"","meta":{"_et_pb_use_builder":"on","_et_pb_old_content":"This is an example page. It's different from a blog post because it will stay in one place and will show up in your site navigation (in most themes). Most people start with an About page that introduces them to potential site visitors. It might say something like this:\n\n<blockquote>Hi there! I'm a bike messenger by day, aspiring actor by night, and this is my website. I live in Los Angeles, have a great dog named Jack, and I like pi&#241;a coladas. (And gettin' caught in the rain.)<\/blockquote>\n\n...or something like this:\n\n<blockquote>The XYZ Doohickey Company was founded in 1971, and has been providing quality doohickeys to the public ever since. Located in Gotham City, XYZ employs over 2,000 people and does all kinds of awesome things for the Gotham community.<\/blockquote>\n\nAs a new WordPress user, you should go to <a href=\"https:\/\/amrum-waasluuper.de\/wp-admin\/\">your dashboard<\/a> to delete this page and create new pages for your content. Have fun!","_et_gb_content_width":"","footnotes":""},"class_list":["post-2","page","type-page","status-publish","hentry"],"_links":{"self":[{"href":"https:\/\/amrum-waasluuper.de\/index.php?rest_route=\/wp\/v2\/pages\/2","targetHints":{"allow":["GET"]}}],"collection":[{"href":"https:\/\/amrum-waasluuper.de\/index.php?rest_route=\/wp\/v2\/pages"}],"about":[{"href":"https:\/\/amrum-waasluuper.de\/index.php?rest_route=\/wp\/v2\/types\/page"}],"author":[{"embeddable":true,"href":"https:\/\/amrum-waasluuper.de\/index.php?rest_route=\/wp\/v2\/users\/1"}],"replies":[{"embeddable":true,"href":"https:\/\/amrum-waasluuper.de\/index.php?rest_route=%2Fwp%2Fv2%2Fcomments&post=2"}],"version-history":[{"count":16,"href":"https:\/\/amrum-waasluuper.de\/index.php?rest_route=\/wp\/v2\/pages\/2\/revisions"}],"predecessor-version":[{"id":166,"href":"https:\/\/amrum-waasluuper.de\/index.php?rest_route=\/wp\/v2\/pages\/2\/revisions\/166"}],"wp:attachment":[{"href":"https:\/\/amrum-waasluuper.de\/index.php?rest_route=%2Fwp%2Fv2%2Fmedia&parent=2"}],"curies":[{"name":"wp","href":"https:\/\/api.w.org\/{rel}","templated":true}]}}